{"id":77407,"date":"2024-08-08T12:25:00","date_gmt":"2024-08-08T10:25:00","guid":{"rendered":"http:\/\/wordpress.p671300.webspaceconfig.de\/find-a-distributor\/"},"modified":"2024-11-21T09:57:08","modified_gmt":"2024-11-21T08:57:08","slug":"find-a-distributor","status":"publish","type":"page","link":"https:\/\/nutrilabs.eu\/en\/find-a-distributor\/","title":{"rendered":"Find a distributor"},"content":{"rendered":"\t\t<div data-elementor-type=\"wp-page\" data-elementor-id=\"77407\" class=\"elementor elementor-77407 elementor-39437\" data-elementor-post-type=\"page\">\n\t\t\t\t<div class=\"elementor-element elementor-element-f4e37f4 page-head seoc-fussabdruecke e-flex e-con-boxed e-con e-parent\" data-id=\"f4e37f4\" data-element_type=\"container\" data-e-type=\"container\" data-settings=\"{&quot;background_background&quot;:&quot;classic&quot;}\">\n\t\t\t\t\t<div class=\"e-con-inner\">\n\t\t\t\t<div class=\"elementor-element elementor-element-db7e3ba page-head-title elementor-widget elementor-widget-heading\" data-id=\"db7e3ba\" data-element_type=\"widget\" data-e-type=\"widget\" data-widget_type=\"heading.default\">\n\t\t\t\t\t<h1 class=\"elementor-heading-title elementor-size-default\">Find a distributor<\/h1>\t\t\t\t<\/div>\n\t\t\t\t<div class=\"elementor-element elementor-element-3a71d02 elementor-widget elementor-widget-shortcode\" data-id=\"3a71d02\" data-element_type=\"widget\" data-e-type=\"widget\" data-widget_type=\"shortcode.default\">\n\t\t\t\t\t\t\t<div class=\"elementor-shortcode\"><div class=\"seoc-breadcrumbs\"><a href=\"https:\/\/nutrilabs.eu\/en\/\">Home<\/a><span class=\"separator\"><\/span><span class=\"last-item\">Seite<\/span><\/div><\/div>\n\t\t\t\t\t\t<\/div>\n\t\t\t\t\t<\/div>\n\t\t\t\t<\/div>\n\t\t<div class=\"elementor-element elementor-element-ef76216 e-flex e-con-boxed e-con e-parent\" data-id=\"ef76216\" data-element_type=\"container\" data-e-type=\"container\">\n\t\t\t\t\t<div class=\"e-con-inner\">\n\t\t<div class=\"elementor-element elementor-element-d0d68c6 e-con-full e-flex e-con e-child\" data-id=\"d0d68c6\" data-element_type=\"container\" data-e-type=\"container\">\n\t\t\t\t<div class=\"elementor-element elementor-element-4e42c95 elementor-widget elementor-widget-text-editor\" data-id=\"4e42c95\" data-element_type=\"widget\" data-e-type=\"widget\" data-widget_type=\"text-editor.default\">\n\t\t\t\t\t\t\t\t\t<p>You are looking for an experienced vet with Nutrilabs products in their practice &#8211; here you can quickly and easily find the right contact for the best possible advice and care for your pet. Use our practical search function to discover the experts in your area. <\/p>\n\t\t\t\t\t\t\t\t<\/div>\n\t\t\t\t<div class=\"elementor-element elementor-element-66c0353 elementor-widget elementor-widget-text-editor\" data-id=\"66c0353\" data-element_type=\"widget\" data-e-type=\"widget\" data-widget_type=\"text-editor.default\">\n\t\t\t\t\t\t\t\t\t<p><strong>Our veterinarian search is currently still under construction and the data is therefore not complete.<\/strong><\/p>\n<p><strong>If your veterinarian is not on the list, please ask directly at the practice whether NutriLabs products are in stock.<\/strong><\/p>\n\t\t\t\t\t\t\t\t<\/div>\n\t\t\t\t<\/div>\n\t\t<div class=\"elementor-element elementor-element-33ae9e1 e-con-full e-flex e-con e-child\" data-id=\"33ae9e1\" data-element_type=\"container\" data-e-type=\"container\">\n\t\t\t\t<div class=\"elementor-element elementor-element-c454533 elementor-widget elementor-widget-image\" data-id=\"c454533\" data-element_type=\"widget\" data-e-type=\"widget\" data-widget_type=\"image.default\">\n\t\t\t\t\t\t\t\t\t\t\t\t\t\t\t<img fetchpriority=\"high\" decoding=\"async\" width=\"800\" height=\"323\" src=\"https:\/\/nutrilabs.eu\/wp-content\/uploads\/2024\/07\/Tierarzt-Logo-mit-Text-EN-1-1024x413.png\" class=\"attachment-large size-large wp-image-2476\" alt=\"alt-text\" srcset=\"https:\/\/nutrilabs.eu\/wp-content\/uploads\/2024\/07\/Tierarzt-Logo-mit-Text-EN-1-1024x413.png 1024w, https:\/\/nutrilabs.eu\/wp-content\/uploads\/2024\/07\/Tierarzt-Logo-mit-Text-EN-1-300x121.png 300w, https:\/\/nutrilabs.eu\/wp-content\/uploads\/2024\/07\/Tierarzt-Logo-mit-Text-EN-1-768x310.png 768w, https:\/\/nutrilabs.eu\/wp-content\/uploads\/2024\/07\/Tierarzt-Logo-mit-Text-EN-1-1536x620.png 1536w, https:\/\/nutrilabs.eu\/wp-content\/uploads\/2024\/07\/Tierarzt-Logo-mit-Text-EN-1-2048x827.png 2048w\" sizes=\"(max-width: 800px) 100vw, 800px\" \/>\t\t\t\t\t\t\t\t\t\t\t\t\t\t\t<\/div>\n\t\t\t\t<\/div>\n\t\t\t\t\t<\/div>\n\t\t\t\t<\/div>\n\t\t<div class=\"elementor-element elementor-element-5d664b1 elementor-hidden-desktop elementor-hidden-tablet elementor-hidden-mobile e-flex e-con-boxed e-con e-parent\" data-id=\"5d664b1\" data-element_type=\"container\" data-e-type=\"container\">\n\t\t\t\t\t<div class=\"e-con-inner\">\n\t\t<div class=\"elementor-element elementor-element-1b47d92 e-con-full seoc-box seoc-box-content e-flex e-con e-child\" data-id=\"1b47d92\" data-element_type=\"container\" data-e-type=\"container\" data-settings=\"{&quot;background_background&quot;:&quot;classic&quot;}\">\n\t\t\t\t<div class=\"elementor-element elementor-element-0c6ebdc elementor-widget elementor-widget-text-editor\" data-id=\"0c6ebdc\" data-element_type=\"widget\" data-e-type=\"widget\" data-widget_type=\"text-editor.default\">\n\t\t\t\t\t\t\t\t\t<p>Is Nutrilabs available in your area?<\/p>\n\t\t\t\t\t\t\t\t<\/div>\n\t\t\t\t<div class=\"elementor-element elementor-element-5b15f99 elementor-widget elementor-widget-heading\" data-id=\"5b15f99\" data-element_type=\"widget\" data-e-type=\"widget\" data-widget_type=\"heading.default\">\n\t\t\t\t\t<h2 class=\"elementor-heading-title elementor-size-default\">Find your vet<\/h2>\t\t\t\t<\/div>\n\t\t\t\t<div class=\"elementor-element elementor-element-c42d946 elementor-widget elementor-widget-shortcode\" data-id=\"c42d946\" data-element_type=\"widget\" data-e-type=\"widget\" data-widget_type=\"shortcode.default\">\n\t\t\t\t\t\t\t<div class=\"elementor-shortcode\"><div class=\"facetwp-facet facetwp-facet-ver_prox facetwp-type-proximity\" data-name=\"ver_prox\" data-type=\"proximity\"><\/div><\/div>\n\t\t\t\t\t\t<\/div>\n\t\t\t\t<\/div>\n\t\t\t\t\t<\/div>\n\t\t\t\t<\/div>\n\t\t<div class=\"elementor-element elementor-element-90ab5cb e-con-full elementor-hidden-desktop elementor-hidden-tablet elementor-hidden-mobile e-flex e-con e-parent\" data-id=\"90ab5cb\" data-element_type=\"container\" data-e-type=\"container\">\n\t\t\t\t<div class=\"elementor-element elementor-element-9e85eea elementor-widget elementor-widget-shortcode\" data-id=\"9e85eea\" data-element_type=\"widget\" data-e-type=\"widget\" data-widget_type=\"shortcode.default\">\n\t\t\t\t\t\t\t<div class=\"elementor-shortcode\"><div class=\"facetwp-facet facetwp-facet-ver_map facetwp-type-map\" data-name=\"ver_map\" data-type=\"map\"><\/div><\/div>\n\t\t\t\t\t\t<\/div>\n\t\t\t\t<div class=\"elementor-element elementor-element-a99c525 elementor-widget elementor-widget-shortcode\" data-id=\"a99c525\" data-element_type=\"widget\" data-e-type=\"widget\" data-widget_type=\"shortcode.default\">\n\t\t\t\t\t\t\t<div class=\"elementor-shortcode\"><div class=\"facetwp-template\" data-name=\"ver_listing\"><\/div><\/div>\n\t\t\t\t\t\t<\/div>\n\t\t\t\t<\/div>\n\t\t<div class=\"elementor-element elementor-element-67d56f4 elementor-hidden-desktop elementor-hidden-tablet elementor-hidden-mobile e-flex e-con-boxed e-con e-parent\" data-id=\"67d56f4\" data-element_type=\"container\" data-e-type=\"container\">\n\t\t\t\t\t<div class=\"e-con-inner\">\n\t\t<div class=\"elementor-element elementor-element-baf2265 e-con-full e-flex e-con e-child\" data-id=\"baf2265\" data-element_type=\"container\" data-e-type=\"container\">\n\t\t\t\t<div class=\"elementor-element elementor-element-5c2db75 elementor-widget elementor-widget-text-editor\" data-id=\"5c2db75\" data-element_type=\"widget\" data-e-type=\"widget\" data-widget_type=\"text-editor.default\">\n\t\t\t\t\t\t\t\t\t<p>How to find us<\/p>\n\t\t\t\t\t\t\t\t<\/div>\n\t\t\t\t<div class=\"elementor-element elementor-element-56225ce elementor-widget elementor-widget-heading\" data-id=\"56225ce\" data-element_type=\"widget\" data-e-type=\"widget\" data-widget_type=\"heading.default\">\n\t\t\t\t\t<h2 class=\"elementor-heading-title elementor-size-default\">Our premium partners<\/h2>\t\t\t\t<\/div>\n\t\t\t\t<div class=\"elementor-element elementor-element-aaebbf1 elementor-widget elementor-widget-text-editor\" data-id=\"aaebbf1\" data-element_type=\"widget\" data-e-type=\"widget\" data-widget_type=\"text-editor.default\">\n\t\t\t\t\t\t\t\t\t<p>Our premium partners are selected online stores that specialize in high-quality products for the health and well-being of animals. Here you will find our exclusive products, combined with first-class service and expertise &#8211; convenient and secure online ordering. <\/p>\n\t\t\t\t\t\t\t\t<\/div>\n\t\t\t\t<\/div>\n\t\t\t\t\t<\/div>\n\t\t\t\t<\/div>\n\t\t<div class=\"elementor-element elementor-element-17a62ea elementor-hidden-desktop elementor-hidden-tablet elementor-hidden-mobile e-flex e-con-boxed e-con e-parent\" data-id=\"17a62ea\" data-element_type=\"container\" data-e-type=\"container\">\n\t\t\t\t\t<div class=\"e-con-inner\">\n\t\t\t\t<div class=\"elementor-element elementor-element-1244d44 vertriebspartner-logos elementor-skin-carousel elementor-arrows-yes elementor-widget elementor-widget-media-carousel\" data-id=\"1244d44\" data-element_type=\"widget\" data-e-type=\"widget\" data-settings=\"{&quot;slides_per_view&quot;:&quot;4&quot;,&quot;lazyload&quot;:&quot;yes&quot;,&quot;space_between&quot;:{&quot;unit&quot;:&quot;px&quot;,&quot;size&quot;:20,&quot;sizes&quot;:[]},&quot;skin&quot;:&quot;carousel&quot;,&quot;effect&quot;:&quot;slide&quot;,&quot;show_arrows&quot;:&quot;yes&quot;,&quot;speed&quot;:500,&quot;autoplay&quot;:&quot;yes&quot;,&quot;autoplay_speed&quot;:5000,&quot;loop&quot;:&quot;yes&quot;,&quot;pause_on_hover&quot;:&quot;yes&quot;,&quot;pause_on_interaction&quot;:&quot;yes&quot;,&quot;space_between_tablet&quot;:{&quot;unit&quot;:&quot;px&quot;,&quot;size&quot;:10,&quot;sizes&quot;:[]},&quot;space_between_mobile&quot;:{&quot;unit&quot;:&quot;px&quot;,&quot;size&quot;:10,&quot;sizes&quot;:[]}}\" data-widget_type=\"media-carousel.default\">\n\t\t\t\t\t\t\t\t\t\t<div class=\"elementor-main-swiper swiper\" role=\"region\" aria-roledescription=\"carousel\" aria-label=\"Slides\">\n\t\t\t\t<div class=\"swiper-wrapper\">\n\t\t\t\t\t\t\t\t\t\t\t<div class=\"swiper-slide\" role=\"group\" aria-roledescription=\"slide\">\n\t\t\t\t\t\t\t<a href=\"https:\/\/www.tierarzt24.de\/nutrilabs\">\t\t<div class=\"elementor-carousel-image swiper-lazy\" role=\"img\" aria-label=\"Logo of pet supplement distribution partner Tierarzt24.de\" data-background=\"https:\/\/nutrilabs.eu\/wp-content\/uploads\/2024\/10\/tierarzt24-pet-supplements.jpg\">\n\n\t\t\t\t\t\t\t<div class=\"swiper-lazy-preloader\"><\/div>\n\t\t\t\n\t\t\t\t\t<\/div>\n\t\t<\/a>\t\t\t\t\t\t<\/div>\n\t\t\t\t\t\t\t\t\t\t\t<div class=\"swiper-slide\" role=\"group\" aria-roledescription=\"slide\">\n\t\t\t\t\t\t\t<a href=\"https:\/\/www.amazon.de\/stores\/Nutrilabs\/page\/1C65B93F-EF93-440C-9C60-716E1F4F7608?ref_=ast_bln\">\t\t<div class=\"elementor-carousel-image swiper-lazy\" role=\"img\" aria-label=\"Logo of the pet supplement sales partner Amazon\" data-background=\"https:\/\/nutrilabs.eu\/wp-content\/uploads\/2024\/10\/amazon-pet-supplements.png\">\n\n\t\t\t\t\t\t\t<div class=\"swiper-lazy-preloader\"><\/div>\n\t\t\t\n\t\t\t\t\t<\/div>\n\t\t<\/a>\t\t\t\t\t\t<\/div>\n\t\t\t\t\t\t\t\t\t\t\t<div class=\"swiper-slide\" role=\"group\" aria-roledescription=\"slide\">\n\t\t\t\t\t\t\t<a href=\"https:\/\/www.shop-apotheke.com\/search.htm?i=1&#038;q=nutrilabs&#038;searchChannel=algolia&#038;userToken=anonymous-1c56a313-0634-4255-9be1-5d300b2447a2\">\t\t<div class=\"elementor-carousel-image swiper-lazy\" role=\"img\" aria-label=\"shop apotheke\" data-background=\"https:\/\/nutrilabs.eu\/wp-content\/uploads\/2024\/08\/shop-apotheke.svg\">\n\n\t\t\t\t\t\t\t<div class=\"swiper-lazy-preloader\"><\/div>\n\t\t\t\n\t\t\t\t\t<\/div>\n\t\t<\/a>\t\t\t\t\t\t<\/div>\n\t\t\t\t\t\t\t\t\t\t\t<div class=\"swiper-slide\" role=\"group\" aria-roledescription=\"slide\">\n\t\t\t\t\t\t\t<a href=\"https:\/\/www.dogcatpet.de\/nutrilabs\/\">\t\t<div class=\"elementor-carousel-image swiper-lazy\" role=\"img\" aria-label=\"dogcatpet\" data-background=\"https:\/\/nutrilabs.eu\/wp-content\/uploads\/2024\/07\/dogcatpet-1.png\">\n\n\t\t\t\t\t\t\t<div class=\"swiper-lazy-preloader\"><\/div>\n\t\t\t\n\t\t\t\t\t<\/div>\n\t\t<\/a>\t\t\t\t\t\t<\/div>\n\t\t\t\t\t\t\t\t\t\t\t<div class=\"swiper-slide\" role=\"group\" aria-roledescription=\"slide\">\n\t\t\t\t\t\t\t<a href=\"https:\/\/www.equidocs.de\/nutrilabs\/\">\t\t<div class=\"elementor-carousel-image swiper-lazy\" role=\"img\" aria-label=\"Logo_equidocs_germany_Update2023_final\" data-background=\"https:\/\/nutrilabs.eu\/wp-content\/uploads\/2024\/08\/Logo_equidocs_germany_Update2023_final-e1724938097976.jpg\">\n\n\t\t\t\t\t\t\t<div class=\"swiper-lazy-preloader\"><\/div>\n\t\t\t\n\t\t\t\t\t<\/div>\n\t\t<\/a>\t\t\t\t\t\t<\/div>\n\t\t\t\t\t\t\t\t\t\t\t<div class=\"swiper-slide\" role=\"group\" aria-roledescription=\"slide\">\n\t\t\t\t\t\t\t<a href=\"https:\/\/www.aponeo.de\/suche\/?q=nutrilabs\">\t\t<div class=\"elementor-carousel-image swiper-lazy\" role=\"img\" aria-label=\"Logo vom Nahrungserg\u00e4nzung f\u00fcr Tiere Vertriebspartner Aponeo\" data-background=\"https:\/\/nutrilabs.eu\/wp-content\/uploads\/2024\/10\/aponeo-feed-supplements.jpg\">\n\n\t\t\t\t\t\t\t<div class=\"swiper-lazy-preloader\"><\/div>\n\t\t\t\n\t\t\t\t\t<\/div>\n\t\t<\/a>\t\t\t\t\t\t<\/div>\n\t\t\t\t\t\t\t\t\t<\/div>\n\t\t\t\t\t\t\t\t\t\t\t\t\t\t\t<div class=\"elementor-swiper-button elementor-swiper-button-prev\" role=\"button\" tabindex=\"0\" aria-label=\"Previous\">\n\t\t\t\t\t\t\t<svg aria-hidden=\"true\" class=\"e-font-icon-svg e-eicon-chevron-left\" viewBox=\"0 0 1000 1000\" xmlns=\"http:\/\/www.w3.org\/2000\/svg\"><path d=\"M646 125C629 125 613 133 604 142L308 442C296 454 292 471 292 487 292 504 296 521 308 533L604 854C617 867 629 875 646 875 663 875 679 871 692 858 704 846 713 829 713 812 713 796 708 779 692 767L438 487 692 225C700 217 708 204 708 187 708 171 704 154 692 142 675 129 663 125 646 125Z\"><\/path><\/svg>\t\t\t\t\t\t<\/div>\n\t\t\t\t\t\t<div class=\"elementor-swiper-button elementor-swiper-button-next\" role=\"button\" tabindex=\"0\" aria-label=\"Next\">\n\t\t\t\t\t\t\t<svg aria-hidden=\"true\" class=\"e-font-icon-svg e-eicon-chevron-right\" viewBox=\"0 0 1000 1000\" xmlns=\"http:\/\/www.w3.org\/2000\/svg\"><path d=\"M696 533C708 521 713 504 713 487 713 471 708 454 696 446L400 146C388 133 375 125 354 125 338 125 325 129 313 142 300 154 292 171 292 187 292 204 296 221 308 233L563 492 304 771C292 783 288 800 288 817 288 833 296 850 308 863 321 871 338 875 354 875 371 875 388 867 400 854L696 533Z\"><\/path><\/svg>\t\t\t\t\t\t<\/div>\n\t\t\t\t\t\t\t\t\t\t\t\t\t\t\t\t\t<\/div>\n\t\t\t\t\t\t\t\t<\/div>\n\t\t\t\t\t<\/div>\n\t\t\t\t<\/div>\n\t\t\t\t<\/div>\n\t\t","protected":false},"excerpt":{"rendered":"<p>You are looking for an experienced vet with Nutrilabs products in their practice &#8211; here you can quickly and easily find the right contact for the best possible advice and care for your pet. Use our practical search function to discover the experts in your area. Our veterinarian search is currently still under construction and [&hellip;]<\/p>\n","protected":false},"author":1,"featured_media":0,"parent":0,"menu_order":0,"comment_status":"closed","ping_status":"closed","template":"","meta":{"_acf_changed":false,"inline_featured_image":false,"footnotes":""},"class_list":["post-77407","page","type-page","status-publish","hentry"],"acf":[],"yoast_head":"<!-- This site is optimized with the Yoast SEO plugin v27.4 - https:\/\/yoast.com\/product\/yoast-seo-wordpress\/ -->\n<title>Find a distributor \u2013 Find a Nutrilabs distributor near you<\/title>\n<meta name=\"description\" content=\"Nutrilabs-Produkte ganz in Ihrer N\u00e4he! Nutzen Sie unsere Vertriebspartnersuche, um autorisierte Partner und Fachh\u00e4ndler f\u00fcr hochwertige Nahrungserg\u00e4nzungsmittel f\u00fcr Hund, Katze und Pferd zu finden.\" \/>\n<meta name=\"robots\" content=\"index, follow, max-snippet:-1, max-image-preview:large, max-video-preview:-1\" \/>\n<link rel=\"canonical\" href=\"https:\/\/nutrilabs.eu\/en\/find-a-distributor\/\" \/>\n<meta property=\"og:locale\" content=\"en_US\" \/>\n<meta property=\"og:type\" content=\"article\" \/>\n<meta property=\"og:title\" content=\"Find a distributor \u2013 Find a Nutrilabs distributor near you\" \/>\n<meta property=\"og:description\" content=\"Nutrilabs-Produkte ganz in Ihrer N\u00e4he! Nutzen Sie unsere Vertriebspartnersuche, um autorisierte Partner und Fachh\u00e4ndler f\u00fcr hochwertige Nahrungserg\u00e4nzungsmittel f\u00fcr Hund, Katze und Pferd zu finden.\" \/>\n<meta property=\"og:url\" content=\"https:\/\/nutrilabs.eu\/en\/find-a-distributor\/\" \/>\n<meta property=\"og:site_name\" content=\"Nutrilabs\" \/>\n<meta property=\"article:publisher\" content=\"https:\/\/www.facebook.com\/nutrilabs.eu\/?locale=de_DE\" \/>\n<meta property=\"article:modified_time\" content=\"2024-11-21T08:57:08+00:00\" \/>\n<meta property=\"og:image\" content=\"https:\/\/nutrilabs.eu\/wp-content\/uploads\/2024\/07\/Tierarzt-Logo-mit-Text-1024x413.png\" \/>\n<meta name=\"twitter:card\" content=\"summary_large_image\" \/>\n<meta name=\"twitter:label1\" content=\"Est. reading time\" \/>\n\t<meta name=\"twitter:data1\" content=\"1 minute\" \/>\n<script type=\"application\/ld+json\" class=\"yoast-schema-graph\">{\"@context\":\"https:\\\/\\\/schema.org\",\"@graph\":[{\"@type\":\"WebPage\",\"@id\":\"https:\\\/\\\/nutrilabs.eu\\\/en\\\/find-a-distributor\\\/\",\"url\":\"https:\\\/\\\/nutrilabs.eu\\\/en\\\/find-a-distributor\\\/\",\"name\":\"Find a distributor \u2013 Find a Nutrilabs distributor near you\",\"isPartOf\":{\"@id\":\"https:\\\/\\\/nutrilabs.eu\\\/en\\\/#website\"},\"primaryImageOfPage\":{\"@id\":\"https:\\\/\\\/nutrilabs.eu\\\/en\\\/find-a-distributor\\\/#primaryimage\"},\"image\":{\"@id\":\"https:\\\/\\\/nutrilabs.eu\\\/en\\\/find-a-distributor\\\/#primaryimage\"},\"thumbnailUrl\":\"https:\\\/\\\/nutrilabs.eu\\\/wp-content\\\/uploads\\\/2024\\\/07\\\/Tierarzt-Logo-mit-Text-1024x413.png\",\"datePublished\":\"2024-08-08T10:25:00+00:00\",\"dateModified\":\"2024-11-21T08:57:08+00:00\",\"description\":\"Nutrilabs-Produkte ganz in Ihrer N\u00e4he! Nutzen Sie unsere Vertriebspartnersuche, um autorisierte Partner und Fachh\u00e4ndler f\u00fcr hochwertige Nahrungserg\u00e4nzungsmittel f\u00fcr Hund, Katze und Pferd zu finden.\",\"breadcrumb\":{\"@id\":\"https:\\\/\\\/nutrilabs.eu\\\/en\\\/find-a-distributor\\\/#breadcrumb\"},\"inLanguage\":\"en-US\",\"potentialAction\":[{\"@type\":\"ReadAction\",\"target\":[\"https:\\\/\\\/nutrilabs.eu\\\/en\\\/find-a-distributor\\\/\"]}]},{\"@type\":\"ImageObject\",\"inLanguage\":\"en-US\",\"@id\":\"https:\\\/\\\/nutrilabs.eu\\\/en\\\/find-a-distributor\\\/#primaryimage\",\"url\":\"https:\\\/\\\/nutrilabs.eu\\\/wp-content\\\/uploads\\\/2024\\\/07\\\/Tierarzt-Logo-mit-Text-1024x413.png\",\"contentUrl\":\"https:\\\/\\\/nutrilabs.eu\\\/wp-content\\\/uploads\\\/2024\\\/07\\\/Tierarzt-Logo-mit-Text-1024x413.png\"},{\"@type\":\"BreadcrumbList\",\"@id\":\"https:\\\/\\\/nutrilabs.eu\\\/en\\\/find-a-distributor\\\/#breadcrumb\",\"itemListElement\":[{\"@type\":\"ListItem\",\"position\":1,\"name\":\"Home\",\"item\":\"https:\\\/\\\/nutrilabs.eu\\\/en\\\/\"},{\"@type\":\"ListItem\",\"position\":2,\"name\":\"Find a distributor\"}]},{\"@type\":\"WebSite\",\"@id\":\"https:\\\/\\\/nutrilabs.eu\\\/en\\\/#website\",\"url\":\"https:\\\/\\\/nutrilabs.eu\\\/en\\\/\",\"name\":\"Nutrilabs\",\"description\":\"\",\"publisher\":{\"@id\":\"https:\\\/\\\/nutrilabs.eu\\\/en\\\/#organization\"},\"potentialAction\":[{\"@type\":\"SearchAction\",\"target\":{\"@type\":\"EntryPoint\",\"urlTemplate\":\"https:\\\/\\\/nutrilabs.eu\\\/en\\\/?s={search_term_string}\"},\"query-input\":{\"@type\":\"PropertyValueSpecification\",\"valueRequired\":true,\"valueName\":\"search_term_string\"}}],\"inLanguage\":\"en-US\"},{\"@type\":\"Organization\",\"@id\":\"https:\\\/\\\/nutrilabs.eu\\\/en\\\/#organization\",\"name\":\"Nutrilabs\",\"url\":\"https:\\\/\\\/nutrilabs.eu\\\/en\\\/\",\"logo\":{\"@type\":\"ImageObject\",\"inLanguage\":\"en-US\",\"@id\":\"https:\\\/\\\/nutrilabs.eu\\\/en\\\/#\\\/schema\\\/logo\\\/image\\\/\",\"url\":\"https:\\\/\\\/nutrilabs.eu\\\/wp-content\\\/uploads\\\/2024\\\/07\\\/nutrilabs-logo-blauer-background.svg\",\"contentUrl\":\"https:\\\/\\\/nutrilabs.eu\\\/wp-content\\\/uploads\\\/2024\\\/07\\\/nutrilabs-logo-blauer-background.svg\",\"width\":168,\"height\":125,\"caption\":\"Nutrilabs\"},\"image\":{\"@id\":\"https:\\\/\\\/nutrilabs.eu\\\/en\\\/#\\\/schema\\\/logo\\\/image\\\/\"},\"sameAs\":[\"https:\\\/\\\/www.facebook.com\\\/nutrilabs.eu\\\/?locale=de_DE\",\"https:\\\/\\\/www.instagram.com\\\/nutrilabs_ergaenzungsfutter\\\/\"]}]}<\/script>\n<!-- \/ Yoast SEO plugin. -->","yoast_head_json":{"title":"Find a distributor \u2013 Find a Nutrilabs distributor near you","description":"Nutrilabs-Produkte ganz in Ihrer N\u00e4he! Nutzen Sie unsere Vertriebspartnersuche, um autorisierte Partner und Fachh\u00e4ndler f\u00fcr hochwertige Nahrungserg\u00e4nzungsmittel f\u00fcr Hund, Katze und Pferd zu finden.","robots":{"index":"index","follow":"follow","max-snippet":"max-snippet:-1","max-image-preview":"max-image-preview:large","max-video-preview":"max-video-preview:-1"},"canonical":"https:\/\/nutrilabs.eu\/en\/find-a-distributor\/","og_locale":"en_US","og_type":"article","og_title":"Find a distributor \u2013 Find a Nutrilabs distributor near you","og_description":"Nutrilabs-Produkte ganz in Ihrer N\u00e4he! Nutzen Sie unsere Vertriebspartnersuche, um autorisierte Partner und Fachh\u00e4ndler f\u00fcr hochwertige Nahrungserg\u00e4nzungsmittel f\u00fcr Hund, Katze und Pferd zu finden.","og_url":"https:\/\/nutrilabs.eu\/en\/find-a-distributor\/","og_site_name":"Nutrilabs","article_publisher":"https:\/\/www.facebook.com\/nutrilabs.eu\/?locale=de_DE","article_modified_time":"2024-11-21T08:57:08+00:00","og_image":[{"url":"https:\/\/nutrilabs.eu\/wp-content\/uploads\/2024\/07\/Tierarzt-Logo-mit-Text-1024x413.png","type":"","width":"","height":""}],"twitter_card":"summary_large_image","twitter_misc":{"Est. reading time":"1 minute"},"schema":{"@context":"https:\/\/schema.org","@graph":[{"@type":"WebPage","@id":"https:\/\/nutrilabs.eu\/en\/find-a-distributor\/","url":"https:\/\/nutrilabs.eu\/en\/find-a-distributor\/","name":"Find a distributor \u2013 Find a Nutrilabs distributor near you","isPartOf":{"@id":"https:\/\/nutrilabs.eu\/en\/#website"},"primaryImageOfPage":{"@id":"https:\/\/nutrilabs.eu\/en\/find-a-distributor\/#primaryimage"},"image":{"@id":"https:\/\/nutrilabs.eu\/en\/find-a-distributor\/#primaryimage"},"thumbnailUrl":"https:\/\/nutrilabs.eu\/wp-content\/uploads\/2024\/07\/Tierarzt-Logo-mit-Text-1024x413.png","datePublished":"2024-08-08T10:25:00+00:00","dateModified":"2024-11-21T08:57:08+00:00","description":"Nutrilabs-Produkte ganz in Ihrer N\u00e4he! Nutzen Sie unsere Vertriebspartnersuche, um autorisierte Partner und Fachh\u00e4ndler f\u00fcr hochwertige Nahrungserg\u00e4nzungsmittel f\u00fcr Hund, Katze und Pferd zu finden.","breadcrumb":{"@id":"https:\/\/nutrilabs.eu\/en\/find-a-distributor\/#breadcrumb"},"inLanguage":"en-US","potentialAction":[{"@type":"ReadAction","target":["https:\/\/nutrilabs.eu\/en\/find-a-distributor\/"]}]},{"@type":"ImageObject","inLanguage":"en-US","@id":"https:\/\/nutrilabs.eu\/en\/find-a-distributor\/#primaryimage","url":"https:\/\/nutrilabs.eu\/wp-content\/uploads\/2024\/07\/Tierarzt-Logo-mit-Text-1024x413.png","contentUrl":"https:\/\/nutrilabs.eu\/wp-content\/uploads\/2024\/07\/Tierarzt-Logo-mit-Text-1024x413.png"},{"@type":"BreadcrumbList","@id":"https:\/\/nutrilabs.eu\/en\/find-a-distributor\/#breadcrumb","itemListElement":[{"@type":"ListItem","position":1,"name":"Home","item":"https:\/\/nutrilabs.eu\/en\/"},{"@type":"ListItem","position":2,"name":"Find a distributor"}]},{"@type":"WebSite","@id":"https:\/\/nutrilabs.eu\/en\/#website","url":"https:\/\/nutrilabs.eu\/en\/","name":"Nutrilabs","description":"","publisher":{"@id":"https:\/\/nutrilabs.eu\/en\/#organization"},"potentialAction":[{"@type":"SearchAction","target":{"@type":"EntryPoint","urlTemplate":"https:\/\/nutrilabs.eu\/en\/?s={search_term_string}"},"query-input":{"@type":"PropertyValueSpecification","valueRequired":true,"valueName":"search_term_string"}}],"inLanguage":"en-US"},{"@type":"Organization","@id":"https:\/\/nutrilabs.eu\/en\/#organization","name":"Nutrilabs","url":"https:\/\/nutrilabs.eu\/en\/","logo":{"@type":"ImageObject","inLanguage":"en-US","@id":"https:\/\/nutrilabs.eu\/en\/#\/schema\/logo\/image\/","url":"https:\/\/nutrilabs.eu\/wp-content\/uploads\/2024\/07\/nutrilabs-logo-blauer-background.svg","contentUrl":"https:\/\/nutrilabs.eu\/wp-content\/uploads\/2024\/07\/nutrilabs-logo-blauer-background.svg","width":168,"height":125,"caption":"Nutrilabs"},"image":{"@id":"https:\/\/nutrilabs.eu\/en\/#\/schema\/logo\/image\/"},"sameAs":["https:\/\/www.facebook.com\/nutrilabs.eu\/?locale=de_DE","https:\/\/www.instagram.com\/nutrilabs_ergaenzungsfutter\/"]}]}},"_links":{"self":[{"href":"https:\/\/nutrilabs.eu\/en\/wp-json\/wp\/v2\/pages\/77407","targetHints":{"allow":["GET"]}}],"collection":[{"href":"https:\/\/nutrilabs.eu\/en\/wp-json\/wp\/v2\/pages"}],"about":[{"href":"https:\/\/nutrilabs.eu\/en\/wp-json\/wp\/v2\/types\/page"}],"author":[{"embeddable":true,"href":"https:\/\/nutrilabs.eu\/en\/wp-json\/wp\/v2\/users\/1"}],"replies":[{"embeddable":true,"href":"https:\/\/nutrilabs.eu\/en\/wp-json\/wp\/v2\/comments?post=77407"}],"version-history":[{"count":22,"href":"https:\/\/nutrilabs.eu\/en\/wp-json\/wp\/v2\/pages\/77407\/revisions"}],"predecessor-version":[{"id":89625,"href":"https:\/\/nutrilabs.eu\/en\/wp-json\/wp\/v2\/pages\/77407\/revisions\/89625"}],"wp:attachment":[{"href":"https:\/\/nutrilabs.eu\/en\/wp-json\/wp\/v2\/media?parent=77407"}],"curies":[{"name":"wp","href":"https:\/\/api.w.org\/{rel}","templated":true}]}}